{"id":47,"date":"2020-11-20T05:17:13","date_gmt":"2020-11-20T05:17:13","guid":{"rendered":"https:\/\/rioslegal.com\/es\/?page_id=47"},"modified":"2022-08-23T22:13:15","modified_gmt":"2022-08-23T22:13:15","slug":"contacto","status":"publish","type":"page","link":"https:\/\/rioslegal.com\/es\/contacto\/","title":{"rendered":"Contacto"},"content":{"rendered":"<ul class=\"contacts-info\">\n<li>\n<h4>Direcci\u00f3n:<\/h4>\n<div class=\"info-content\">\n<p>R\u00edos &amp; Asociados Abogados Consultores<br \/>\nRoberto Pastoriza No. 420, Torre Da Vinci, Suite B6<br \/>\nSanto Domingo, Rep\u00fablica Dominicana<\/p>\n<\/div>\n<\/li>\n<li>\n<h4>Tel\u00e9fono:<\/h4>\n<div class=\"info-content\">\n<p><strong>Local:<\/strong> <a href=\"callto:...\">(809)-732-7240<\/a><\/p>\n<\/div>\n<\/li>\n<li>\n<h4>Email:<\/h4>\n<div class=\"info-content\">\n<p><a href=\"mailto:...\">info@rioslegal.com<\/a><\/p>\n<\/div>\n<\/li>\n<li>\n<h4>Correo Internacional:<\/h4>\n<div class=\"info-content\">\n<p>R\u00edos &amp; Asociados Abogados Consultores<br \/>\nP.O. Box 025522<br \/>\nEPS-6822<br \/>\nMiami, FL 33102-552<\/p>\n<\/div>\n<\/li>\n<\/ul>\n","protected":false},"excerpt":{"rendered":"<p>R\u00edos &amp; Asociados Abogados Consultores Roberto Pastoriza No. 420, Torre Da Vinci, Suite B6 Santo Domingo, Rep\u00fablica Dominicana Local: (809)-732-7240 info@rioslegal.com R\u00edos &amp; Asociados Abogados&hellip;<\/p>\n","protected":false},"author":1,"featured_media":191,"parent":0,"menu_order":0,"comment_status":"closed","ping_status":"closed","template":"","meta":{"footnotes":""},"class_list":["post-47","page","type-page","status-publish","has-post-thumbnail","hentry"],"yoast_head":"<!-- This site is optimized with the Yoast SEO plugin v27.2 - https:\/\/yoast.com\/product\/yoast-seo-wordpress\/ -->\n<title>Contacto - Rios Legal<\/title>\n<meta name=\"description\" content=\"Nuestra firma, integrada por profesionales con alto sentido \u00e9tico y social, ofrece un apoyo constante con verdaderas soluciones a sus requerimientos legales en Rep\u00fablica Dominicana.\" \/>\n<meta name=\"robots\" content=\"index, follow, max-snippet:-1, max-image-preview:large, max-video-preview:-1\" \/>\n<link rel=\"canonical\" href=\"https:\/\/rioslegal.com\/es\/contacto\/\" \/>\n<meta property=\"og:locale\" content=\"en_US\" \/>\n<meta property=\"og:type\" content=\"article\" \/>\n<meta property=\"og:title\" content=\"Contacto - Rios Legal\" \/>\n<meta property=\"og:description\" content=\"Nuestra firma, integrada por profesionales con alto sentido \u00e9tico y social, ofrece un apoyo constante con verdaderas soluciones a sus requerimientos legales en Rep\u00fablica Dominicana.\" \/>\n<meta property=\"og:url\" content=\"https:\/\/rioslegal.com\/es\/contacto\/\" \/>\n<meta property=\"og:site_name\" content=\"Rios Legal\" \/>\n<meta property=\"article:modified_time\" content=\"2022-08-23T22:13:15+00:00\" \/>\n<meta property=\"og:image\" content=\"https:\/\/rioslegal.com\/es\/wp-content\/uploads\/2020\/12\/Rios-Legal-Contacto-1.jpg\" \/>\n\t<meta property=\"og:image:width\" content=\"1920\" \/>\n\t<meta property=\"og:image:height\" content=\"743\" \/>\n\t<meta property=\"og:image:type\" content=\"image\/jpeg\" \/>\n<meta name=\"twitter:card\" content=\"summary_large_image\" \/>\n<script type=\"application\/ld+json\" class=\"yoast-schema-graph\">{\"@context\":\"https:\/\/schema.org\",\"@graph\":[{\"@type\":\"WebPage\",\"@id\":\"https:\/\/rioslegal.com\/es\/contacto\/\",\"url\":\"https:\/\/rioslegal.com\/es\/contacto\/\",\"name\":\"Contacto - Rios Legal\",\"isPartOf\":{\"@id\":\"https:\/\/rioslegal.com\/es\/#website\"},\"primaryImageOfPage\":{\"@id\":\"https:\/\/rioslegal.com\/es\/contacto\/#primaryimage\"},\"image\":{\"@id\":\"https:\/\/rioslegal.com\/es\/contacto\/#primaryimage\"},\"thumbnailUrl\":\"https:\/\/rioslegal.com\/es\/wp-content\/uploads\/2020\/12\/Rios-Legal-Contacto-1.jpg\",\"datePublished\":\"2020-11-20T05:17:13+00:00\",\"dateModified\":\"2022-08-23T22:13:15+00:00\",\"description\":\"Nuestra firma, integrada por profesionales con alto sentido \u00e9tico y social, ofrece un apoyo constante con verdaderas soluciones a sus requerimientos legales en Rep\u00fablica Dominicana.\",\"breadcrumb\":{\"@id\":\"https:\/\/rioslegal.com\/es\/contacto\/#breadcrumb\"},\"inLanguage\":\"en-US\",\"potentialAction\":[{\"@type\":\"ReadAction\",\"target\":[\"https:\/\/rioslegal.com\/es\/contacto\/\"]}]},{\"@type\":\"ImageObject\",\"inLanguage\":\"en-US\",\"@id\":\"https:\/\/rioslegal.com\/es\/contacto\/#primaryimage\",\"url\":\"https:\/\/rioslegal.com\/es\/wp-content\/uploads\/2020\/12\/Rios-Legal-Contacto-1.jpg\",\"contentUrl\":\"https:\/\/rioslegal.com\/es\/wp-content\/uploads\/2020\/12\/Rios-Legal-Contacto-1.jpg\",\"width\":1920,\"height\":743,\"caption\":\"Rios-Legal-Contacto\"},{\"@type\":\"BreadcrumbList\",\"@id\":\"https:\/\/rioslegal.com\/es\/contacto\/#breadcrumb\",\"itemListElement\":[{\"@type\":\"ListItem\",\"position\":1,\"name\":\"Home\",\"item\":\"https:\/\/rioslegal.com\/es\/\"},{\"@type\":\"ListItem\",\"position\":2,\"name\":\"Contacto\"}]},{\"@type\":\"WebSite\",\"@id\":\"https:\/\/rioslegal.com\/es\/#website\",\"url\":\"https:\/\/rioslegal.com\/es\/\",\"name\":\"Rios Legal\",\"description\":\"Abogados en los que Puedes Confiar\",\"potentialAction\":[{\"@type\":\"SearchAction\",\"target\":{\"@type\":\"EntryPoint\",\"urlTemplate\":\"https:\/\/rioslegal.com\/es\/?s={search_term_string}\"},\"query-input\":{\"@type\":\"PropertyValueSpecification\",\"valueRequired\":true,\"valueName\":\"search_term_string\"}}],\"inLanguage\":\"en-US\"}]}<\/script>\n<!-- \/ Yoast SEO plugin. -->","yoast_head_json":{"title":"Contacto - Rios Legal","description":"Nuestra firma, integrada por profesionales con alto sentido \u00e9tico y social, ofrece un apoyo constante con verdaderas soluciones a sus requerimientos legales en Rep\u00fablica Dominicana.","robots":{"index":"index","follow":"follow","max-snippet":"max-snippet:-1","max-image-preview":"max-image-preview:large","max-video-preview":"max-video-preview:-1"},"canonical":"https:\/\/rioslegal.com\/es\/contacto\/","og_locale":"en_US","og_type":"article","og_title":"Contacto - Rios Legal","og_description":"Nuestra firma, integrada por profesionales con alto sentido \u00e9tico y social, ofrece un apoyo constante con verdaderas soluciones a sus requerimientos legales en Rep\u00fablica Dominicana.","og_url":"https:\/\/rioslegal.com\/es\/contacto\/","og_site_name":"Rios Legal","article_modified_time":"2022-08-23T22:13:15+00:00","og_image":[{"width":1920,"height":743,"url":"https:\/\/rioslegal.com\/es\/wp-content\/uploads\/2020\/12\/Rios-Legal-Contacto-1.jpg","type":"image\/jpeg"}],"twitter_card":"summary_large_image","schema":{"@context":"https:\/\/schema.org","@graph":[{"@type":"WebPage","@id":"https:\/\/rioslegal.com\/es\/contacto\/","url":"https:\/\/rioslegal.com\/es\/contacto\/","name":"Contacto - Rios Legal","isPartOf":{"@id":"https:\/\/rioslegal.com\/es\/#website"},"primaryImageOfPage":{"@id":"https:\/\/rioslegal.com\/es\/contacto\/#primaryimage"},"image":{"@id":"https:\/\/rioslegal.com\/es\/contacto\/#primaryimage"},"thumbnailUrl":"https:\/\/rioslegal.com\/es\/wp-content\/uploads\/2020\/12\/Rios-Legal-Contacto-1.jpg","datePublished":"2020-11-20T05:17:13+00:00","dateModified":"2022-08-23T22:13:15+00:00","description":"Nuestra firma, integrada por profesionales con alto sentido \u00e9tico y social, ofrece un apoyo constante con verdaderas soluciones a sus requerimientos legales en Rep\u00fablica Dominicana.","breadcrumb":{"@id":"https:\/\/rioslegal.com\/es\/contacto\/#breadcrumb"},"inLanguage":"en-US","potentialAction":[{"@type":"ReadAction","target":["https:\/\/rioslegal.com\/es\/contacto\/"]}]},{"@type":"ImageObject","inLanguage":"en-US","@id":"https:\/\/rioslegal.com\/es\/contacto\/#primaryimage","url":"https:\/\/rioslegal.com\/es\/wp-content\/uploads\/2020\/12\/Rios-Legal-Contacto-1.jpg","contentUrl":"https:\/\/rioslegal.com\/es\/wp-content\/uploads\/2020\/12\/Rios-Legal-Contacto-1.jpg","width":1920,"height":743,"caption":"Rios-Legal-Contacto"},{"@type":"BreadcrumbList","@id":"https:\/\/rioslegal.com\/es\/contacto\/#breadcrumb","itemListElement":[{"@type":"ListItem","position":1,"name":"Home","item":"https:\/\/rioslegal.com\/es\/"},{"@type":"ListItem","position":2,"name":"Contacto"}]},{"@type":"WebSite","@id":"https:\/\/rioslegal.com\/es\/#website","url":"https:\/\/rioslegal.com\/es\/","name":"Rios Legal","description":"Abogados en los que Puedes Confiar","potentialAction":[{"@type":"SearchAction","target":{"@type":"EntryPoint","urlTemplate":"https:\/\/rioslegal.com\/es\/?s={search_term_string}"},"query-input":{"@type":"PropertyValueSpecification","valueRequired":true,"valueName":"search_term_string"}}],"inLanguage":"en-US"}]}},"_links":{"self":[{"href":"https:\/\/rioslegal.com\/es\/wp-json\/wp\/v2\/pages\/47","targetHints":{"allow":["GET"]}}],"collection":[{"href":"https:\/\/rioslegal.com\/es\/wp-json\/wp\/v2\/pages"}],"about":[{"href":"https:\/\/rioslegal.com\/es\/wp-json\/wp\/v2\/types\/page"}],"author":[{"embeddable":true,"href":"https:\/\/rioslegal.com\/es\/wp-json\/wp\/v2\/users\/1"}],"replies":[{"embeddable":true,"href":"https:\/\/rioslegal.com\/es\/wp-json\/wp\/v2\/comments?post=47"}],"version-history":[{"count":9,"href":"https:\/\/rioslegal.com\/es\/wp-json\/wp\/v2\/pages\/47\/revisions"}],"predecessor-version":[{"id":248,"href":"https:\/\/rioslegal.com\/es\/wp-json\/wp\/v2\/pages\/47\/revisions\/248"}],"wp:featuredmedia":[{"embeddable":true,"href":"https:\/\/rioslegal.com\/es\/wp-json\/wp\/v2\/media\/191"}],"wp:attachment":[{"href":"https:\/\/rioslegal.com\/es\/wp-json\/wp\/v2\/media?parent=47"}],"curies":[{"name":"wp","href":"https:\/\/api.w.org\/{rel}","templated":true}]}}